{"id":46,"date":"2025-07-30T13:21:21","date_gmt":"2025-07-30T12:21:21","guid":{"rendered":"https:\/\/janlehnert.com\/?page_id=46"},"modified":"2025-08-12T11:27:34","modified_gmt":"2025-08-12T10:27:34","slug":"contact","status":"publish","type":"page","link":"https:\/\/janlehnert.com\/de\/contact\/","title":{"rendered":"Kontakt"},"content":{"rendered":"<p>Falls Sie weitere Fragen haben oder an einer Zusammenarbeit interessiert sind, schicken Sie mir gerne eine Nachricht an <a href=\"mailto:info@janlehnert.com\">info@janlehnert.com<\/a><\/p>\n\n\n\n<p>Um ein unverbindliches Angebot f\u00fcr Sie erstellen zu k\u00f6nnen, nennen Sie mir bitte die Anzahl der W\u00f6rter, Zeilen oder Seiten sowie weitere Einzelheiten zum Text.<\/p>\n\n\n\n<p>Noch unsicher? Sehen Sie sich gerne noch einmal meine&nbsp;<a href=\"https:\/\/janlehnert.com\/de\/#services\">angebotenen Dienstleistungen an<\/a>.<\/p>\n\n\n\n<p><\/p>","protected":false},"excerpt":{"rendered":"<p>If you have any questions or are interested in working together, please feel free to drop me a message at info@janlehnert.com To request a quote for a translation project, please make sure to include the number of words, lines, or pages, and further details about the text. Still unsure? Feel free to take another look [&hellip;]<\/p>\n","protected":false},"author":1,"featured_media":0,"parent":0,"menu_order":0,"comment_status":"closed","ping_status":"closed","template":"","meta":{"footnotes":""},"class_list":["post-46","page","type-page","status-publish","hentry"],"_links":{"self":[{"href":"https:\/\/janlehnert.com\/de\/wp-json\/wp\/v2\/pages\/46","targetHints":{"allow":["GET"]}}],"collection":[{"href":"https:\/\/janlehnert.com\/de\/wp-json\/wp\/v2\/pages"}],"about":[{"href":"https:\/\/janlehnert.com\/de\/wp-json\/wp\/v2\/types\/page"}],"author":[{"embeddable":true,"href":"https:\/\/janlehnert.com\/de\/wp-json\/wp\/v2\/users\/1"}],"replies":[{"embeddable":true,"href":"https:\/\/janlehnert.com\/de\/wp-json\/wp\/v2\/comments?post=46"}],"version-history":[{"count":12,"href":"https:\/\/janlehnert.com\/de\/wp-json\/wp\/v2\/pages\/46\/revisions"}],"predecessor-version":[{"id":118,"href":"https:\/\/janlehnert.com\/de\/wp-json\/wp\/v2\/pages\/46\/revisions\/118"}],"wp:attachment":[{"href":"https:\/\/janlehnert.com\/de\/wp-json\/wp\/v2\/media?parent=46"}],"curies":[{"name":"wp","href":"https:\/\/api.w.org\/{rel}","templated":true}]}}