{"id":40,"date":"2025-07-30T13:02:26","date_gmt":"2025-07-30T12:02:26","guid":{"rendered":"https:\/\/janlehnert.com\/?page_id=40"},"modified":"2026-03-12T13:27:00","modified_gmt":"2026-03-12T12:27:00","slug":"about","status":"publish","type":"page","link":"https:\/\/janlehnert.com\/de\/about\/","title":{"rendered":"\u00dcber mich"},"content":{"rendered":"<div class=\"wp-block-group alignfull has-background-background-color has-background has-global-padding is-layout-constrained wp-container-core-group-is-layout-7276a2bb wp-block-group-is-layout-constrained\" style=\"margin-top:0;margin-bottom:0;padding-top:var(--wp--preset--spacing--60);padding-right:var(--wp--preset--spacing--30);padding-bottom:var(--wp--preset--spacing--60);padding-left:var(--wp--preset--spacing--30)\">\n<div class=\"wp-block-columns alignwide are-vertically-aligned-center is-layout-flex wp-container-core-columns-is-layout-47c06fe3 wp-block-columns-is-layout-flex\">\n<div class=\"wp-block-column is-vertically-aligned-center is-layout-flow wp-container-core-column-is-layout-f5bb311e wp-block-column-is-layout-flow\" style=\"flex-basis:50%\">\n<div class=\"wp-block-group has-global-padding is-layout-constrained wp-container-core-group-is-layout-279e0ccb wp-block-group-is-layout-constrained\">\n<figure class=\"wp-block-image aligncenter size-full has-custom-border wp-duotone-rgb1043215-rgb255255255-1\"><img loading=\"lazy\" decoding=\"async\" width=\"256\" height=\"320\" src=\"https:\/\/janlehnert.com\/wp-content\/uploads\/2026\/03\/Picture-1.png\" alt=\"\" class=\"wp-image-155\" style=\"border-radius:20rem;aspect-ratio:3\/4;object-fit:cover\" srcset=\"https:\/\/janlehnert.com\/wp-content\/uploads\/2026\/03\/Picture-1.png 256w, https:\/\/janlehnert.com\/wp-content\/uploads\/2026\/03\/Picture-1-240x300.png 240w, https:\/\/janlehnert.com\/wp-content\/uploads\/2026\/03\/Picture-1-10x12.png 10w\" sizes=\"auto, (max-width: 256px) 100vw, 256px\" \/><\/figure>\n<\/div>\n<\/div>\n\n\n\n<div class=\"wp-block-column is-vertically-aligned-center is-layout-flow wp-block-column-is-layout-flow\" style=\"flex-basis:60%\">\n<h2 class=\"wp-block-heading has-large-font-size\">Jan Lehnert, M. A.<\/h2>\n\n\n\n<p style=\"margin-top:16px\">Als deutscher Muttersprachler mit literaturwissenschaftlichem Hintergrund verbindet Jan eine gro\u00dfe Sprachleidenschaft mit viel kulturellem Feingef\u00fchl und stilistischer Pr\u00e4zision. Er ist auf \u00dcbersetzungen f\u00fcr die Kreativbranche spezialisiert und hat bereits mit einer Vielzahl internationaler Kund*innen zusammengearbeitet. Von wissenschaftlichen Aufs\u00e4tzen \u00fcber k\u00fcnstlerische und schriftstellerische Projekte bis hin zu professionellen Websites \u2013 seine \u00dcbersetzungen zeichnen sich durch fundierte Fachkenntnis, ein feines Gesp\u00fcr f\u00fcr Ton und Kontext sowie h\u00f6chste Genauigkeit aus.<\/p>\n\n\n\n<p style=\"margin-top:16px\">Jan hat einen Masterabschluss in English Literatures and Cultures von der Eberhard Karls Universit\u00e4t T\u00fcbingen. Seine Freizeit verbringt er mit kreativem Schreiben, Fotografie und Videospielen.<\/p>\n\n\n\n<details class=\"wp-block-details is-layout-flow wp-block-details-is-layout-flow\"><summary>Qualifikationen<\/summary>\n<p><strong>Master of Arts in English Literatures and Cultures<br><\/strong>Eberhard Karls Universit\u00e4t T\u00fcbingen (2024)<br>Titel der Abschlussarbeit:&nbsp;<em>Modernist Temporalities in D. H. Lawrence&#8217;s &#8216;The Rainbow,&#8217; Virginia Woolf&#8217;s &#8216;The Waves,&#8217; and E. M. Forster&#8217;s &#8216;Maurice&#8217;<\/em><\/p>\n\n\n\n<p><strong>Bachelor of Arts in English-Speaking Cultures mit Nebenfach Linguistik<br><\/strong>Universit\u00e4t Bremen (2021)<br>Titel der Abschlussarbeit:&nbsp;<em>From Representation to Acceptance: &#8216;Shrill&#8217; as a Turning Point for Fat Women on Screen<\/em><\/p>\n<\/details>\n\n\n\n<p><strong>An einer Zusammenarbeit interessiert?<\/strong>&nbsp;Sehen Sie sich die von mir&nbsp;<a href=\"https:\/\/janlehnert.com\/de\/#services\">angebotenen Dienstleistungen an<\/a>, informieren Sie sich \u00fcber&nbsp;<a href=\"https:\/\/janlehnert.com\/de\/faq\/\" data-type=\"page\" data-id=\"42\">h\u00e4ufig gestellte Fragen<\/a>, oder <a href=\"https:\/\/janlehnert.com\/de\/contact\/\" data-type=\"page\" data-id=\"46\">schicken Sie mir eine Nachricht<\/a>.<\/p>\n<\/div>\n<\/div>\n<\/div>\n\n\n\n<p><\/p>","protected":false},"excerpt":{"rendered":"<p>Jan Lehnert, M. A. As a native German speaker with an extensive academic background in English Literature, Jan combines a passion for language with a strong cultural awareness and linguistic finesse. Specializing in translations for the creative industries, he has worked with a diverse range of clients across the globe. From academic essays to creative [&hellip;]<\/p>\n","protected":false},"author":1,"featured_media":0,"parent":0,"menu_order":0,"comment_status":"closed","ping_status":"closed","template":"","meta":{"footnotes":""},"class_list":["post-40","page","type-page","status-publish","hentry"],"_links":{"self":[{"href":"https:\/\/janlehnert.com\/de\/wp-json\/wp\/v2\/pages\/40","targetHints":{"allow":["GET"]}}],"collection":[{"href":"https:\/\/janlehnert.com\/de\/wp-json\/wp\/v2\/pages"}],"about":[{"href":"https:\/\/janlehnert.com\/de\/wp-json\/wp\/v2\/types\/page"}],"author":[{"embeddable":true,"href":"https:\/\/janlehnert.com\/de\/wp-json\/wp\/v2\/users\/1"}],"replies":[{"embeddable":true,"href":"https:\/\/janlehnert.com\/de\/wp-json\/wp\/v2\/comments?post=40"}],"version-history":[{"count":11,"href":"https:\/\/janlehnert.com\/de\/wp-json\/wp\/v2\/pages\/40\/revisions"}],"predecessor-version":[{"id":160,"href":"https:\/\/janlehnert.com\/de\/wp-json\/wp\/v2\/pages\/40\/revisions\/160"}],"wp:attachment":[{"href":"https:\/\/janlehnert.com\/de\/wp-json\/wp\/v2\/media?parent=40"}],"curies":[{"name":"wp","href":"https:\/\/api.w.org\/{rel}","templated":true}]}}